{"id":7,"date":"2025-01-03T14:26:36","date_gmt":"2025-01-03T14:26:36","guid":{"rendered":"https:\/\/iu.hr\/?page_id=7"},"modified":"2025-03-13T08:29:05","modified_gmt":"2025-03-13T08:29:05","slug":"naslovnica","status":"publish","type":"page","link":"https:\/\/iu.hr\/","title":{"rendered":"Naslovnica"},"content":{"rendered":"\t\t<div data-elementor-type=\"wp-post\" data-elementor-id=\"7\" class=\"elementor elementor-7\" data-elementor-post-type=\"page\">\n\t\t\t\t<div class=\"elementor-element elementor-element-7956305d e-con-full e-flex e-con e-parent\" data-id=\"7956305d\" data-element_type=\"container\" data-e-type=\"container\" data-settings=\"{&quot;background_background&quot;:&quot;classic&quot;}\">\n\t\t<div class=\"elementor-element elementor-element-7b24c94a e-con-full e-flex e-con e-child\" data-id=\"7b24c94a\" data-element_type=\"container\" data-e-type=\"container\">\n\t\t\t\t<div class=\"elementor-element elementor-element-198f2bb1 elementor-widget elementor-widget-heading\" data-id=\"198f2bb1\" data-element_type=\"widget\" data-e-type=\"widget\" data-widget_type=\"heading.default\">\n\t\t\t\t<div class=\"elementor-widget-container\">\n\t\t\t\t\t<h1 class=\"elementor-heading-title elementor-size-default\">Importanne Upravitelj<\/h1>\t\t\t\t<\/div>\n\t\t\t\t<\/div>\n\t\t\t\t<div class=\"elementor-element elementor-element-15dacc32 elementor-widget elementor-widget-text-editor\" data-id=\"15dacc32\" data-element_type=\"widget\" data-e-type=\"widget\" data-widget_type=\"text-editor.default\">\n\t\t\t\t<div class=\"elementor-widget-container\">\n\t\t\t\t\t\t\t\t\t<p>IMPORTANNE UPRAVITELJ dru\u0161tvo s ograni\u010denom odgovorno\u0161\u0107u za odr\u017eavanje i upravljanje nekretnina<\/p>\t\t\t\t\t\t\t\t<\/div>\n\t\t\t\t<\/div>\n\t\t\t\t<\/div>\n\t\t<div class=\"elementor-element elementor-element-41b7d07a e-con-full e-flex e-con e-child\" data-id=\"41b7d07a\" data-element_type=\"container\" data-e-type=\"container\">\n\t\t\t\t<div class=\"elementor-element elementor-element-6d640379 elementor-widget elementor-widget-image\" data-id=\"6d640379\" data-element_type=\"widget\" data-e-type=\"widget\" data-widget_type=\"image.default\">\n\t\t\t\t<div class=\"elementor-widget-container\">\n\t\t\t\t\t\t\t\t\t\t\t\t\t\t\t<img fetchpriority=\"high\" decoding=\"async\" width=\"800\" height=\"448\" src=\"https:\/\/iu.hr\/wp-content\/uploads\/2025\/01\/Zakup-prostora-1600x900-1-1024x573.jpg\" class=\"attachment-large size-large wp-image-28\" alt=\"\" srcset=\"https:\/\/iu.hr\/wp-content\/uploads\/2025\/01\/Zakup-prostora-1600x900-1-1024x573.jpg 1024w, https:\/\/iu.hr\/wp-content\/uploads\/2025\/01\/Zakup-prostora-1600x900-1-300x168.jpg 300w, https:\/\/iu.hr\/wp-content\/uploads\/2025\/01\/Zakup-prostora-1600x900-1-768x430.jpg 768w, https:\/\/iu.hr\/wp-content\/uploads\/2025\/01\/Zakup-prostora-1600x900-1-1536x859.jpg 1536w, https:\/\/iu.hr\/wp-content\/uploads\/2025\/01\/Zakup-prostora-1600x900-1.jpg 1600w\" sizes=\"(max-width: 800px) 100vw, 800px\" \/>\t\t\t\t\t\t\t\t\t\t\t\t\t\t\t<\/div>\n\t\t\t\t<\/div>\n\t\t\t\t<\/div>\n\t\t\t\t<\/div>\n\t\t<div class=\"elementor-element elementor-element-308aefd e-flex e-con-boxed e-con e-parent\" data-id=\"308aefd\" data-element_type=\"container\" data-e-type=\"container\">\n\t\t\t\t\t<div class=\"e-con-inner\">\n\t\t\t\t<div class=\"elementor-element elementor-element-dee15de elementor-widget elementor-widget-login\" data-id=\"dee15de\" data-element_type=\"widget\" data-e-type=\"widget\" data-widget_type=\"login.default\">\n\t\t\t\t<div class=\"elementor-widget-container\">\n\t\t\t\t\t\t\t<form class=\"elementor-login elementor-form\" method=\"post\" action=\"https:\/\/iu.hr\/wp-login.php\" aria-label=\"Login form\">\n\t\t\t<input type=\"hidden\" name=\"redirect_to\" value=\"\/index.php\/wp-json\/wp\/v2\/pages\/7\">\n\t\t\t<div class=\"elementor-form-fields-wrapper\">\n\t\t\t\t<div class=\"elementor-field-type-text elementor-field-group elementor-column elementor-col-100 elementor-field-required\">\n\t\t\t\t\t<label for=\"user-dee15de\" class=\"elementor-field-label\">Korisni\u010dko ime ili email<\/label>\n\t\t\t\t\t<input size=\"1\" type=\"text\" name=\"log\" id=\"user-dee15de\" placeholder=\"Korisni\u010dko ime ili email\" class=\"elementor-field elementor-field-textual elementor-size-sm\">\n\t\t\t\t<\/div>\n\t\t\t\t<div class=\"elementor-field-type-text elementor-field-group elementor-column elementor-col-100 elementor-field-required\">\n\t\t\t\t\t<label for=\"password-dee15de\" class=\"elementor-field-label\">Lozinka<\/label>\n\t\t\t\t\t<input size=\"1\" type=\"password\" name=\"pwd\" id=\"password-dee15de\" placeholder=\"Lozinka\" class=\"elementor-field elementor-field-textual elementor-size-sm\">\n\t\t\t\t<\/div>\n\n\t\t\t\t\n\t\t\t\t<div class=\"elementor-field-group elementor-column elementor-field-type-submit elementor-col-100\">\n\t\t\t\t\t<button type=\"submit\" class=\"elementor-size-sm elementor-button\" name=\"wp-submit\">\n\t\t\t\t\t\t\t\t\t\t\t\t\t\t\t<span class=\"elementor-button-text\">Prijavi se<\/span>\n\t\t\t\t\t\t\t\t\t\t\t\t<\/button>\n\t\t\t\t<\/div>\n\n\t\t\t\t\t\t\t\t\t<div class=\"elementor-field-group elementor-column elementor-col-100\">\n\t\t\t\t\t\t\t\t\t\t\t\t\t\t\t\t\t\t\t\t<a class=\"elementor-lost-password\" href=\"https:\/\/iu.hr\/wp-login.php?action=lostpassword&redirect_to=%2Findex.php%2Fwp-json%2Fwp%2Fv2%2Fpages%2F7\">\n\t\t\t\t\t\t\t\tLost your password?\t\t\t\t\t\t\t<\/a>\n\t\t\t\t\t\t\n\t\t\t\t\t\t\t\t\t\t\t<\/div>\n\t\t\t\t\t\t\t<\/div>\n\t\t<\/form>\n\t\t\t\t\t\t<\/div>\n\t\t\t\t<\/div>\n\t\t\t\t\t<\/div>\n\t\t\t\t<\/div>\n\t\t\t\t<\/div>\n\t\t","protected":false},"excerpt":{"rendered":"<p>Importanne Upravitelj IMPORTANNE UPRAVITELJ dru\u0161tvo s ograni\u010denom odgovorno\u0161\u0107u za odr\u017eavanje i upravljanje nekretnina<\/p>\n","protected":false},"author":1,"featured_media":0,"parent":0,"menu_order":0,"comment_status":"closed","ping_status":"closed","template":"elementor_header_footer","meta":{"footnotes":""},"class_list":["post-7","page","type-page","status-publish","hentry"],"_links":{"self":[{"href":"https:\/\/iu.hr\/index.php\/wp-json\/wp\/v2\/pages\/7","targetHints":{"allow":["GET"]}}],"collection":[{"href":"https:\/\/iu.hr\/index.php\/wp-json\/wp\/v2\/pages"}],"about":[{"href":"https:\/\/iu.hr\/index.php\/wp-json\/wp\/v2\/types\/page"}],"author":[{"embeddable":true,"href":"https:\/\/iu.hr\/index.php\/wp-json\/wp\/v2\/users\/1"}],"replies":[{"embeddable":true,"href":"https:\/\/iu.hr\/index.php\/wp-json\/wp\/v2\/comments?post=7"}],"version-history":[{"count":35,"href":"https:\/\/iu.hr\/index.php\/wp-json\/wp\/v2\/pages\/7\/revisions"}],"predecessor-version":[{"id":1153,"href":"https:\/\/iu.hr\/index.php\/wp-json\/wp\/v2\/pages\/7\/revisions\/1153"}],"wp:attachment":[{"href":"https:\/\/iu.hr\/index.php\/wp-json\/wp\/v2\/media?parent=7"}],"curies":[{"name":"wp","href":"https:\/\/api.w.org\/{rel}","templated":true}]}}